{"id":2199,"date":"2020-10-30T19:28:26","date_gmt":"2020-10-30T19:28:26","guid":{"rendered":"https:\/\/www.cranioconnect.ch\/?page_id=2199"},"modified":"2026-04-10T20:38:23","modified_gmt":"2026-04-10T20:38:23","slug":"rezensionen","status":"publish","type":"page","link":"https:\/\/www.cranioconnect.ch\/en\/rezensionen\/","title":{"rendered":"Feedbacks"},"content":{"rendered":"<p>[et_pb_section fb_built=&#8220;1&#8243; admin_label=&#8220;Hero Section&#8220; module_id=&#8220;Rezensionen&#8220; _builder_version=&#8220;4.23&#8243; background_color_gradient_direction=&#8220;90deg&#8220; background_image=&#8220;https:\/\/www.cranioconnect.ch\/wp-content\/uploads\/2023\/10\/Cranio-Welle-Craniosacral-Therapie.jpg&#8220; background_position=&#8220;bottom_center&#8220; custom_margin=&#8220;|||&#8220; custom_padding=&#8220;305px|0px|119px|0px|false|false&#8220; filter_saturate=&#8220;129%&#8220; bottom_divider_color=&#8220;#2a3160&#8243; global_colors_info=&#8220;{}&#8220;][et_pb_row custom_padding_last_edited=&#8220;off|desktop&#8220; admin_label=&#8220;Hero Area&#8220; _builder_version=&#8220;4.27.4&#8243; module_alignment=&#8220;center&#8220; custom_padding=&#8220;27px|0px|0px|0px&#8220; global_colors_info=&#8220;{}&#8220;][et_pb_column type=&#8220;4_4&#8243; _builder_version=&#8220;4.16&#8243; custom_padding=&#8220;|||&#8220; global_colors_info=&#8220;{}&#8220; custom_padding__hover=&#8220;|||&#8220;][et_pb_text admin_label=&#8220;Hero Title&#8220; _builder_version=&#8220;4.27.4&#8243; text_font=&#8220;Reader regular||||||||&#8220; ul_font=&#8220;||||||||&#8220; header_font=&#8220;Reader regular|700|||||||&#8220; header_text_color=&#8220;#000000&#8243; header_font_size=&#8220;90px&#8220; header_line_height=&#8220;1.1em&#8220; background_color=&#8220;RGBA(255,255,255,0)&#8220; text_orientation=&#8220;center&#8220; width=&#8220;44%&#8220; module_alignment=&#8220;left&#8220; custom_margin=&#8220;||0px|&#8220; custom_padding=&#8220;|||&#8220; animation_direction=&#8220;left&#8220; text_font_size_last_edited=&#8220;off|desktop&#8220; header_font_size_tablet=&#8220;&#8220; header_font_size_phone=&#8220;60px&#8220; header_font_size_last_edited=&#8220;on|phone&#8220; global_colors_info=&#8220;{}&#8220;]<\/p>\n<h1 style=\"text-align: center;\">Feedbacks<\/h1>\n<p>[\/et_pb_text][et_pb_text _builder_version=&#8220;4.27.4&#8243; text_font=&#8220;Reader regular|800|||||||&#8220; text_text_color=&#8220;#000000&#8243; text_font_size=&#8220;22px&#8220; text_line_height=&#8220;3.1em&#8220; header_font=&#8220;Reader regular||||||||&#8220; header_2_font=&#8220;Reader regular|700|||||||&#8220; header_3_font=&#8220;||||||||&#8220; text_orientation=&#8220;center&#8220; max_width=&#8220;500px&#8220; custom_margin=&#8220;|||&#8220; custom_padding=&#8220;||10px|&#8220; animation_direction=&#8220;left&#8220; global_colors_info=&#8220;{}&#8220;]<\/p>\n<p>Was Klientinnen sagen.<\/p>\n<p>[\/et_pb_text][et_pb_button button_url=&#8220;https:\/\/cranioconnect.simplybook.it\/v2\/#book\/count\/1\/&#8220; url_new_window=&#8220;on&#8220; button_text=&#8220;Termin in Z\u00fcrich oder Luzern buchen&#8220; _builder_version=&#8220;4.27.6&#8243; button_text_size=&#8220;17px&#8220; custom_margin=&#8220;-30px||&#8220; custom_padding=&#8220;5px||3px&#8220; hover_enabled=&#8220;0&#8243; global_colors_info=&#8220;{%22gcid-8215f53f-1530-40be-aa01-7d4bdbd8a557%22:%91%22button_bg_color%22%93}&#8220; sticky_enabled=&#8220;0&#8243;]<\/p>\n<p>[\/et_pb_button][\/et_pb_column][\/et_pb_row][\/et_pb_section][et_pb_section fb_built=&#8220;1&#8243; module_id=&#8220;Anfang Kontaktdaten&#8220; _builder_version=&#8220;4.27.4&#8243; background_color=&#8220;gcid-ceeeb55a-f49a-4e94-9834-2800d5320571&#8243; min_height=&#8220;321.8px&#8220; custom_padding=&#8220;30px|0px|30px|0px|false|false&#8220; global_colors_info=&#8220;{%22gcid-ceeeb55a-f49a-4e94-9834-2800d5320571%22:%91%22background_color%22%93}&#8220;][et_pb_row column_structure=&#8220;1_2,1_2&#8243; _builder_version=&#8220;4.16&#8243; _module_preset=&#8220;default&#8220; min_height=&#8220;643.4px&#8220; global_colors_info=&#8220;{}&#8220;][et_pb_column type=&#8220;1_2&#8243; _builder_version=&#8220;4.16&#8243; _module_preset=&#8220;default&#8220; global_colors_info=&#8220;{}&#8220;][et_pb_text _builder_version=&#8220;4.17.4&#8243; _module_preset=&#8220;default&#8220; global_colors_info=&#8220;{}&#8220;]<\/p>\n<p style=\"text-align: left;\">Ich f\u00fchlte mich bei Tatjana sofort aufgehoben. Sie hat eine Gabe, einen zu verstehen und sofort das Essenzielle herauszuh\u00f6ren. Mit ihrem grossen Wissensschatz und einf\u00fchlender Art konnte sie mir auch bei sehr schweren Themen geschickt und leicht weiterhelfen. Ich sch\u00e4tzte es sehr, mit ihr meine tiefen Teile anzuschauen und mich dabei sicher und aufgehoben zu f\u00fchlen und dabei auch mit ihr lachen zu k\u00f6nnen. Sie hat einfach eine sehr offene liebevolle herzliche Art.<br \/><strong>Jeannine, 09\/2023<\/strong><\/p>\n<p>[\/et_pb_text][et_pb_text _builder_version=&#8220;4.23&#8243; _module_preset=&#8220;default&#8220; global_colors_info=&#8220;{}&#8220;]<\/p>\n<p style=\"text-align: left;\"><span jsaction=\"lQqO9c:TvD9Pc;vp3PF:MHYjYb;Px5U0:TU3G2e\" jsowner=\"ow96\"><span jsslot=\"\"><span jscontroller=\"MZnM8e\" jsaction=\"rcuQ6b:npT2md\"><span data-expandable-section=\"\" tabindex=\"-1\">Ich durfte einige wirkungsvolle und bereichernde Termine bei Tatjana erleben. Ich bin begeistert wie schnell und nachhaltig sie mir bei meinen Themen helfen konnte. Vielen Dank.<\/span><\/span><\/span><\/span><br \/><strong>A., 01\/2023<\/strong><\/p>\n<p>[\/et_pb_text][et_pb_text _builder_version=&#8220;4.17.4&#8243; _module_preset=&#8220;default&#8220; global_colors_info=&#8220;{}&#8220;]<\/p>\n<p>Was bedeutet f\u00fcr mich Cranio:<br \/>Cranio ist f\u00fcr mich eine wunderbare Form, um in die tiefe Entspannung zu kommen, ganz bei mir zu sein, abzuschalten, W\u00e4rme und Energie zu tanken und zu erhalten. Es n\u00e4hrt mein Herz, meine Seele und meinen Geist. Tatjana arbeitet sehr feinf\u00fchlig, kompetent und mit viel Herz. F\u00fcr mich ist es eine Wohltat und die Craniosacraltherapie wirkt bei mir langanhaltender als herk\u00f6mmliche Massagen.<br \/>Es ist so eine &#8222;feine&#8220; Therapieform, bei der der ganze K\u00f6rper, Organe, Faszien, einfach alles zusammenh\u00e4ngend angeschaut wird, ber\u00fccksichtigt und miteinbezogen, so werden meine Verspannungen ohne zu festen Druck gel\u00f6st.<br \/><span><strong>Sabrina 05\/2022 <\/strong><\/span><span><\/span><\/p>\n<p>[\/et_pb_text][et_pb_text _builder_version=&#8220;4.16&#8243; _module_preset=&#8220;default&#8220; global_colors_info=&#8220;{}&#8220;]<\/p>\n<p><span>Ich geniesse jede Craniosacral Therapie bei Tatjana, denn ich weiss, dass ich danach um einiges entspannter und bewusster zur\u00fcck in meinen anspruchsvollen Alltag gehe. Schon w\u00e4hrend der Sitzung sp\u00fcre ich jeweils, wie ich herunterfahren und mich zentrieren kann. Nach der Therapie schlafe ich meist tief und erholsam, und die Tage danach bin ich aufmerksamer und achtsamer. Auf k\u00f6rperlicher Ebene sp\u00fcre ich eine deutliche Schmerzreduzierung, bessere Beweglichkeit und Aktivierung meiner Ressourcen. Diese ganzheitlich sp\u00fcrbaren positiven Ver\u00e4nderungen habe ich mit konventionellen schulmedizinischen Therapiemethoden nie erreicht. Dass Tatjana immer Bezug auf meine aktuelle Befindlichkeit nimmt, ist selbstverst\u00e4ndlich. Dass sie mich aber auch jedesmal mit einem Paket an Zusatzinfos und Empfehlungen versieht, sehe ich als \u00a0ausserordentliche und erw\u00e4hnenswerte Leistung, die alles andere als selbstverst\u00e4ndlich ist. So f\u00fchle ich mich von Tatjana liebevoll wahrgenommen, fachlich fundiert therapiert und einf\u00fchlsam begleitet. <br \/><strong>Katharina, 52, 5-fache Mutter, Sozialarbeiterin FH, Gesch\u00e4ftsf\u00fchrerin.<\/strong><\/span><\/p>\n<p><span>\u00a0<\/span><\/p>\n<p>[\/et_pb_text][\/et_pb_column][et_pb_column type=&#8220;1_2&#8243; _builder_version=&#8220;4.16&#8243; _module_preset=&#8220;default&#8220; global_colors_info=&#8220;{}&#8220;][et_pb_text _builder_version=&#8220;4.23&#8243; _module_preset=&#8220;default&#8220; global_colors_info=&#8220;{}&#8220;]<\/p>\n<p style=\"text-align: left;\"><span jsaction=\"lQqO9c:TvD9Pc;vp3PF:MHYjYb;Px5U0:TU3G2e\" jsowner=\"ow158\"><span jsslot=\"\"><span jscontroller=\"MZnM8e\" jsaction=\"rcuQ6b:npT2md\"><span data-expandable-section=\"\" tabindex=\"-1\">Was f\u00fcr eine wunderbare Erfahrung, die Cranio-Sitzung gab mir das Gef\u00fchl, ganzheitlich, verbunden und schmerzfrei zu sein. Vielen Dank, Tatiana, f\u00fcr deine magischen, heilenden H\u00e4nde. Bester Cranio in Z\u00fcrich<\/span><\/span><\/span><\/span><br \/><strong>Lilla, 05\/2023<\/strong><\/p>\n<p>[\/et_pb_text][et_pb_text _builder_version=&#8220;4.23&#8243; _module_preset=&#8220;default&#8220; global_colors_info=&#8220;{}&#8220;]<\/p>\n<p style=\"text-align: left;\"><span jsaction=\"lQqO9c:TvD9Pc;vp3PF:MHYjYb;Px5U0:TU3G2e\" jsowner=\"ow96\"><span jsslot=\"\"><span jscontroller=\"MZnM8e\" jsaction=\"rcuQ6b:npT2md\"><span data-expandable-section=\"\" tabindex=\"-1\">Tatjana begleitete mich \u00fcber mehrere Wochen. Am meisten sch\u00e4tzte ich ihre wertfreie, motivierende und Art und ihren Fokus auf das Positive. Ich f\u00fchlte mich immer sehr wohl bei ihr und kann sie w\u00e4rmstens weiterempfehlen.<\/span><\/span><\/span><\/span><br \/><strong>Matthias 05\/2023<\/strong><\/p>\n<p>[\/et_pb_text][et_pb_text _builder_version=&#8220;4.17.4&#8243; _module_preset=&#8220;default&#8220; global_colors_info=&#8220;{}&#8220;]<\/p>\n<p>Cranio bei Tatjana hilft mir k\u00f6rperlich, geistig und seelisch wieder die richtige Ordnung zu finden, dass die eigenen Energien wieder in Fluss kommen k\u00f6nnen. \u00c4ngste, Stress und Verspannungen verschwinden, die Freude am Leben bl\u00fcht wieder auf. W\u00e4hrend der Behandlung kann ich vertrauensvoll loslassen und mich entspannen, danach sp\u00fcre ich eine wohltuende Leichtigkeit und kann nachts immer sehr erholsam schlafen.<br \/><strong>Fabienne, 03\/2022<\/strong><\/p>\n<p>[\/et_pb_text][et_pb_text _builder_version=&#8220;4.16&#8243; _module_preset=&#8220;default&#8220; global_colors_info=&#8220;{}&#8220;]<\/p>\n<p>Wie war Craniosacral Therapie f\u00fcr mich?<strong><br \/> <\/strong>Obwohl ich lange vom H\u00f6rensagen davon wusste, war es neu f\u00fcr mich.\u00a0Wer kennt das nicht? Anspannungen werden zu Verspannungen werden zu Schmerzen&#8230;.. Mein K\u00f6rper f\u00fchlte sich nach den Behandlungen irgendwie besser und leichter an.\u00a0Das achtsame, sanfte und fachlich fundierte Vorgehen haben mir Vertrauen geschenkt. Besonders gesch\u00e4tzt habe ich auch die Reflexion und unsere Zusammenarbeit. Der wichtige Moment beim Ankommen: Was hat es das letzte Mal gebracht? Und wohin wollen wir heute?\u00a0Oder die Hinweise f\u00fcr den Alltag und f\u00fcr meinen ganz pers\u00f6nlichen Praxistransfer. Und nicht zuletzt die wunderbare Erfahrung, dass der Umgang mit sich selbst ein besserer geworden ist.\u00a0Heute sp\u00fcre ich, wenn sich Anspannungen und Verspannungen wie Gewitterwolken auft\u00fcrmen. Das Bewusstsein und die Sensibilit\u00e4t daf\u00fcr sind wieder da.\u00a0 Die Behandlungen haben einen wichtigen Prozess angestossen. Craniosacral Therapie war wie ein Schl\u00fcssel zur mir selbst zur\u00fcck.<br \/> <strong>Myriam<\/strong><\/p>\n<p>[\/et_pb_text][\/et_pb_column][\/et_pb_row][\/et_pb_section][et_pb_section fb_built=&#8220;1&#8243; _builder_version=&#8220;4.27.4&#8243; background_color=&#8220;gcid-ceeeb55a-f49a-4e94-9834-2800d5320571&#8243; min_height=&#8220;1096.2px&#8220; custom_margin=&#8220;-91px|||||&#8220; custom_padding=&#8220;30px|0px|54px|0px|false|false&#8220; global_colors_info=&#8220;{%22gcid-ceeeb55a-f49a-4e94-9834-2800d5320571%22:%91%22background_color%22%93}&#8220;][et_pb_row column_structure=&#8220;1_2,1_2&#8243; _builder_version=&#8220;4.16&#8243; _module_preset=&#8220;default&#8220; global_colors_info=&#8220;{}&#8220;][et_pb_column type=&#8220;1_2&#8243; _builder_version=&#8220;4.16&#8243; _module_preset=&#8220;default&#8220; global_colors_info=&#8220;{}&#8220;][et_pb_text _builder_version=&#8220;4.16&#8243; _module_preset=&#8220;default&#8220; global_colors_info=&#8220;{}&#8220;]<\/p>\n<p>Dank ihrer empathischen, nat\u00fcrlichen Art f\u00fchlt man sich bei Tatjana sofort aufgehoben und wohl. Sie erm\u00f6glicht einem einen ganz neuen Blick auf sich selber. \u00c4ngste und Schwierigkeiten werden angesprochen, jedoch stehen die eigenen Ressourcen und St\u00e4rken immer im Vordergrund. Alles war bereits da, musste nur entdeckt und ausgesprochen werden. Dabei haben mir die angewendeten Methoden sehr geholfen. Neben den vielen Aha-Momenten w\u00e4hrend des Coachings, bin ich r\u00fcckblickend erstaunt, wie viele Ziele ich erreicht habe, ohne bewusst darauf zugesteuert zu sein.<br \/><strong>Nora<\/strong><\/p>\n<p>[\/et_pb_text][\/et_pb_column][et_pb_column type=&#8220;1_2&#8243; _builder_version=&#8220;4.16&#8243; _module_preset=&#8220;default&#8220; global_colors_info=&#8220;{}&#8220;][et_pb_text _builder_version=&#8220;4.16&#8243; _module_preset=&#8220;default&#8220; global_colors_info=&#8220;{}&#8220;]<\/p>\n<p><span>Die craniosacraltherapeutische Begleitung meiner Krebstherapie durch Tatjana ist f\u00fcr mich sehr wichtig, ermutigend und kraftspendend. Hier komme ich wieder in den Kontakt mit meinem K\u00f6rper. <\/span><span>Der ganzheitliche Ansatz unterst\u00fctzt mich in meiner Selbstkompetenz und zeigt mir, wie ich meine Selbstheilungskr\u00e4fte aktivieren kann. <\/span><span>Tatjana hat durch Ihre wunderbare Einf\u00fchlsamkeit die Gabe, immer die richtigen Fragen zu stellen und mich auf meinem Weg zu begleiten! <\/span><span>1000 Dank! <br \/><\/span><strong>Andrea Fenzl<\/strong><\/p>\n<p>[\/et_pb_text][\/et_pb_column][\/et_pb_row][et_pb_row column_structure=&#8220;1_2,1_2&#8243; _builder_version=&#8220;4.16&#8243; _module_preset=&#8220;default&#8220; global_colors_info=&#8220;{}&#8220;][et_pb_column type=&#8220;1_2&#8243; _builder_version=&#8220;4.16&#8243; _module_preset=&#8220;default&#8220; global_colors_info=&#8220;{}&#8220;][et_pb_text _builder_version=&#8220;4.17.4&#8243; _module_preset=&#8220;default&#8220; global_colors_info=&#8220;{}&#8220;]<\/p>\n<p>Cranio hilft mir, Zeit f\u00fcr mich zu nehmen und wieder ganz bei mir anzukommen und mich zu entspannen. Mit den Impulsen, gegeben durch die Therapeutin, kann ich ganz viele Details in mir und v.a. in meinen Muskeln wahrnehmen, und so die Spannungen loslassen.<br \/><strong>Jessica, 02\/2022<\/strong><\/p>\n<p>[\/et_pb_text][et_pb_text _builder_version=&#8220;4.16&#8243; _module_preset=&#8220;default&#8220; global_colors_info=&#8220;{}&#8220;]<\/p>\n<p>Ich habe Tatjana als sehr einf\u00fchlsame Therapeutin kennengelernt. Im Umgang immer behutsam gelang es ihr, genau die richtigen Fragen zu stellen. Sie war mir als Coach eine gro\u00dfe Hilfe, die Antworten auf die Fragen in meinem Leben umzusetzen. Vielen Dank!<br \/> <strong>Margret<\/strong> <\/p>\n<p>[\/et_pb_text][et_pb_text _builder_version=&#8220;4.17.4&#8243; _module_preset=&#8220;default&#8220; global_colors_info=&#8220;{}&#8220;]<\/p>\n<p>Cranio bringt meine Energien wieder in Fluss, l\u00f6st Verspannungen u Blockaden u hilft mir mein inneres Gleichgewicht wieder zu finden. Ich f\u00fchle mich nach der Behandlung sehr wohl, etwas m\u00fcde aber gut. <strong>Jsabelle, 03\/2022<\/strong><\/p>\n<p>[\/et_pb_text][et_pb_text _builder_version=&#8220;4.17.4&#8243; _module_preset=&#8220;default&#8220; global_colors_info=&#8220;{}&#8220;]<\/p>\n<p style=\"text-align: left;\">Ganz herzlichen Dank f\u00fcr Deine Arbeit gestern.<br \/>Ich war einmal mehr erstaunt \u00fcber Deine unglaubliche Pr\u00e4zision im Gespr\u00e4ch am Anfang. Kombiniert mit Deinem Humor und Deiner Wertsch\u00e4tzung. Das ist eine Mischung die \u00e4hnlich leicht und befreiend ist wie ein strahlendes Kindergesicht, das dich anlacht.<br \/>Hat gut getan \ud83d\ude42 Auch der R\u00fccken ist lebendig und beweglich geblieben.<br \/><strong>Martin, 05\/2022<\/strong><\/p>\n<p>[\/et_pb_text][\/et_pb_column][et_pb_column type=&#8220;1_2&#8243; _builder_version=&#8220;4.16&#8243; _module_preset=&#8220;default&#8220; global_colors_info=&#8220;{}&#8220;][et_pb_text _builder_version=&#8220;4.16&#8243; _module_preset=&#8220;default&#8220; global_colors_info=&#8220;{}&#8220;]<\/p>\n<p>With Tatjana I discovered craniosacral therapy, a method that I always wanted to try. I honestly did not know what to expect. I was feeling very tense at the beginning of the first session and Tatjana knew how to make me feel comfortable. She talked about the subtle body movements and how we sometimes interfere in the natural body rhythm without even knowing it. Thanks to her kind understanding of my needs and her patience towards my tensions, I could deeply relax during the session. I was so relaxed that I needed to take a nap afterwards! My body showed me its need for rest. This was closely linked to my original request to relax my body. We did another session one month later and I could clearly observe the difference in my body&#8217;s reactions. There was an evolution in the responses to the treatment. We also did 2 other sessions several months later as I was happy with the results. I recommend Tatjana as a professional and skilled therapist. <br \/><strong>Lucie<\/strong><\/p>\n<p>[\/et_pb_text][et_pb_text _builder_version=&#8220;4.17.4&#8243; _module_preset=&#8220;default&#8220; global_colors_info=&#8220;{}&#8220;]<\/p>\n<p>Dank deinen Worten und den Integrations-Behandlungen konnte ich diese Situation nun ausgeglichener und ruhiger angehen. Ich bin allgemein seit dem vergangenen Wochenende viel energiegeladener. Ich bin allgemein in dieser Zeit unserer Sitzungen innerlich st\u00e4rker und gefestigter geworden. Ich konnte dank den Behandlungen und Integrationen meine Bed\u00fcrfnisse nun besser und differenzierter in meinem K\u00f6rper und Geist wahrnehmen und erkenne nun was hinter der &#8222;Gef\u00fchlsfassade&#8220; als Kernursache stecken kann <span>(noch nicht immer \ud83d\ude09 aber hey ich lerne immer mehr dazu) wenn wieder mal die Alarmglocken innerlich schrillen und mein Kopf zu &#8222;schwirren&#8220; beginnt.<\/span><br \/><strong>Victoria, 05\/2022<\/strong><\/p>\n<p>[\/et_pb_text][\/et_pb_column][\/et_pb_row][\/et_pb_section]<\/p>\n","protected":false},"excerpt":{"rendered":"<p>FeedbacksWas Klientinnen sagen. Ich f\u00fchlte mich bei Tatjana sofort aufgehoben. Sie hat eine Gabe, einen zu verstehen und sofort das Essenzielle herauszuh\u00f6ren. Mit ihrem grossen Wissensschatz und einf\u00fchlender Art konnte sie mir auch bei sehr schweren Themen geschickt und leicht weiterhelfen. Ich sch\u00e4tzte es sehr, mit ihr meine tiefen Teile anzuschauen und mich dabei sicher [&hellip;]<\/p>\n","protected":false},"author":4,"featured_media":0,"parent":0,"menu_order":0,"comment_status":"closed","ping_status":"closed","template":"","meta":{"_et_pb_use_builder":"on","_et_pb_old_content":"","_et_gb_content_width":"","footnotes":""},"class_list":["post-2199","page","type-page","status-publish","hentry"],"yoast_head":"<!-- This site is optimized with the Yoast SEO plugin v27.4 - https:\/\/yoast.com\/product\/yoast-seo-wordpress\/ -->\n<title>Feedbacks - CranioConnect<\/title>\n<meta name=\"robots\" content=\"index, follow, max-snippet:-1, max-image-preview:large, max-video-preview:-1\" \/>\n<link rel=\"canonical\" href=\"https:\/\/www.cranioconnect.ch\/en\/rezensionen\/\" \/>\n<meta property=\"og:locale\" content=\"en_US\" \/>\n<meta property=\"og:type\" content=\"article\" \/>\n<meta property=\"og:title\" content=\"Feedbacks - CranioConnect\" \/>\n<meta property=\"og:description\" content=\"FeedbacksWas Klientinnen sagen. Ich f\u00fchlte mich bei Tatjana sofort aufgehoben. Sie hat eine Gabe, einen zu verstehen und sofort das Essenzielle herauszuh\u00f6ren. Mit ihrem grossen Wissensschatz und einf\u00fchlender Art konnte sie mir auch bei sehr schweren Themen geschickt und leicht weiterhelfen. Ich sch\u00e4tzte es sehr, mit ihr meine tiefen Teile anzuschauen und mich dabei sicher [&hellip;]\" \/>\n<meta property=\"og:url\" content=\"https:\/\/www.cranioconnect.ch\/en\/rezensionen\/\" \/>\n<meta property=\"og:site_name\" content=\"CranioConnect\" \/>\n<meta property=\"article:modified_time\" content=\"2026-04-10T20:38:23+00:00\" \/>\n<meta name=\"twitter:card\" content=\"summary_large_image\" \/>\n<meta name=\"twitter:label1\" content=\"Est. reading time\" \/>\n\t<meta name=\"twitter:data1\" content=\"10 minutes\" \/>\n<script type=\"application\/ld+json\" class=\"yoast-schema-graph\">{\"@context\":\"https:\\\/\\\/schema.org\",\"@graph\":[{\"@type\":\"WebPage\",\"@id\":\"https:\\\/\\\/www.cranioconnect.ch\\\/rezensionen\\\/\",\"url\":\"https:\\\/\\\/www.cranioconnect.ch\\\/rezensionen\\\/\",\"name\":\"Feedbacks - CranioConnect\",\"isPartOf\":{\"@id\":\"https:\\\/\\\/www.cranioconnect.ch\\\/#website\"},\"datePublished\":\"2020-10-30T19:28:26+00:00\",\"dateModified\":\"2026-04-10T20:38:23+00:00\",\"breadcrumb\":{\"@id\":\"https:\\\/\\\/www.cranioconnect.ch\\\/rezensionen\\\/#breadcrumb\"},\"inLanguage\":\"en-US\",\"potentialAction\":[{\"@type\":\"ReadAction\",\"target\":[\"https:\\\/\\\/www.cranioconnect.ch\\\/rezensionen\\\/\"]}]},{\"@type\":\"BreadcrumbList\",\"@id\":\"https:\\\/\\\/www.cranioconnect.ch\\\/rezensionen\\\/#breadcrumb\",\"itemListElement\":[{\"@type\":\"ListItem\",\"position\":1,\"name\":\"Startseite\",\"item\":\"https:\\\/\\\/www.cranioconnect.ch\\\/\"},{\"@type\":\"ListItem\",\"position\":2,\"name\":\"Feedbacks\"}]},{\"@type\":\"WebSite\",\"@id\":\"https:\\\/\\\/www.cranioconnect.ch\\\/#website\",\"url\":\"https:\\\/\\\/www.cranioconnect.ch\\\/\",\"name\":\"CranioConnect\",\"description\":\"\",\"potentialAction\":[{\"@type\":\"SearchAction\",\"target\":{\"@type\":\"EntryPoint\",\"urlTemplate\":\"https:\\\/\\\/www.cranioconnect.ch\\\/?s={search_term_string}\"},\"query-input\":{\"@type\":\"PropertyValueSpecification\",\"valueRequired\":true,\"valueName\":\"search_term_string\"}}],\"inLanguage\":\"en-US\"}]}<\/script>\n<!-- \/ Yoast SEO plugin. -->","yoast_head_json":{"title":"Feedbacks - CranioConnect","robots":{"index":"index","follow":"follow","max-snippet":"max-snippet:-1","max-image-preview":"max-image-preview:large","max-video-preview":"max-video-preview:-1"},"canonical":"https:\/\/www.cranioconnect.ch\/en\/rezensionen\/","og_locale":"en_US","og_type":"article","og_title":"Feedbacks - CranioConnect","og_description":"FeedbacksWas Klientinnen sagen. Ich f\u00fchlte mich bei Tatjana sofort aufgehoben. Sie hat eine Gabe, einen zu verstehen und sofort das Essenzielle herauszuh\u00f6ren. Mit ihrem grossen Wissensschatz und einf\u00fchlender Art konnte sie mir auch bei sehr schweren Themen geschickt und leicht weiterhelfen. Ich sch\u00e4tzte es sehr, mit ihr meine tiefen Teile anzuschauen und mich dabei sicher [&hellip;]","og_url":"https:\/\/www.cranioconnect.ch\/en\/rezensionen\/","og_site_name":"CranioConnect","article_modified_time":"2026-04-10T20:38:23+00:00","twitter_card":"summary_large_image","twitter_misc":{"Est. reading time":"10 minutes"},"schema":{"@context":"https:\/\/schema.org","@graph":[{"@type":"WebPage","@id":"https:\/\/www.cranioconnect.ch\/rezensionen\/","url":"https:\/\/www.cranioconnect.ch\/rezensionen\/","name":"Feedbacks - CranioConnect","isPartOf":{"@id":"https:\/\/www.cranioconnect.ch\/#website"},"datePublished":"2020-10-30T19:28:26+00:00","dateModified":"2026-04-10T20:38:23+00:00","breadcrumb":{"@id":"https:\/\/www.cranioconnect.ch\/rezensionen\/#breadcrumb"},"inLanguage":"en-US","potentialAction":[{"@type":"ReadAction","target":["https:\/\/www.cranioconnect.ch\/rezensionen\/"]}]},{"@type":"BreadcrumbList","@id":"https:\/\/www.cranioconnect.ch\/rezensionen\/#breadcrumb","itemListElement":[{"@type":"ListItem","position":1,"name":"Startseite","item":"https:\/\/www.cranioconnect.ch\/"},{"@type":"ListItem","position":2,"name":"Feedbacks"}]},{"@type":"WebSite","@id":"https:\/\/www.cranioconnect.ch\/#website","url":"https:\/\/www.cranioconnect.ch\/","name":"CranioConnect","description":"","potentialAction":[{"@type":"SearchAction","target":{"@type":"EntryPoint","urlTemplate":"https:\/\/www.cranioconnect.ch\/?s={search_term_string}"},"query-input":{"@type":"PropertyValueSpecification","valueRequired":true,"valueName":"search_term_string"}}],"inLanguage":"en-US"}]}},"_links":{"self":[{"href":"https:\/\/www.cranioconnect.ch\/en\/wp-json\/wp\/v2\/pages\/2199","targetHints":{"allow":["GET"]}}],"collection":[{"href":"https:\/\/www.cranioconnect.ch\/en\/wp-json\/wp\/v2\/pages"}],"about":[{"href":"https:\/\/www.cranioconnect.ch\/en\/wp-json\/wp\/v2\/types\/page"}],"author":[{"embeddable":true,"href":"https:\/\/www.cranioconnect.ch\/en\/wp-json\/wp\/v2\/users\/4"}],"replies":[{"embeddable":true,"href":"https:\/\/www.cranioconnect.ch\/en\/wp-json\/wp\/v2\/comments?post=2199"}],"version-history":[{"count":48,"href":"https:\/\/www.cranioconnect.ch\/en\/wp-json\/wp\/v2\/pages\/2199\/revisions"}],"predecessor-version":[{"id":3316,"href":"https:\/\/www.cranioconnect.ch\/en\/wp-json\/wp\/v2\/pages\/2199\/revisions\/3316"}],"wp:attachment":[{"href":"https:\/\/www.cranioconnect.ch\/en\/wp-json\/wp\/v2\/media?parent=2199"}],"curies":[{"name":"wp","href":"https:\/\/api.w.org\/{rel}","templated":true}]}}